{"id":5634,"date":"2026-03-24T11:23:28","date_gmt":"2026-03-24T14:23:28","guid":{"rendered":"https:\/\/institutoinorte.com\/site\/?page_id=5634"},"modified":"2026-03-24T11:43:03","modified_gmt":"2026-03-24T14:43:03","slug":"transparencia-amapa-do-futuro","status":"publish","type":"page","link":"https:\/\/institutoinorte.com\/site\/transparencia-amapa-do-futuro\/","title":{"rendered":"Transpar\u00eancia &#8211; Amap\u00e1 do Futuro"},"content":{"rendered":"\t\t<div data-elementor-type=\"wp-page\" data-elementor-id=\"5634\" class=\"elementor elementor-5634\" data-elementor-post-type=\"page\">\n\t\t\t\t<div class=\"elementor-element elementor-element-753bfe8 e-flex e-con-boxed e-con e-parent\" data-id=\"753bfe8\" data-element_type=\"container\" data-settings=\"{&quot;ekit_has_onepagescroll_dot&quot;:&quot;yes&quot;}\">\n\t\t\t\t\t<div class=\"e-con-inner\">\n\t\t\t\t<div class=\"elementor-element elementor-element-24c998e elementor-widget elementor-widget-heading\" data-id=\"24c998e\" data-element_type=\"widget\" data-settings=\"{&quot;ekit_we_effect_on&quot;:&quot;none&quot;}\" data-widget_type=\"heading.default\">\n\t\t\t\t<div class=\"elementor-widget-container\">\n\t\t\t\t\t<h2 class=\"elementor-heading-title elementor-size-default\">Acesse o link<\/h2>\t\t\t\t<\/div>\n\t\t\t\t<\/div>\n\t\t\t\t<div class=\"elementor-element elementor-element-b7819ad elementor-widget elementor-widget-text-editor\" data-id=\"b7819ad\" data-element_type=\"widget\" data-settings=\"{&quot;ekit_we_effect_on&quot;:&quot;none&quot;}\" data-widget_type=\"text-editor.default\">\n\t\t\t\t<div class=\"elementor-widget-container\">\n\t\t\t\t\t\t\t\t\t<p>Acesse o link para entrar no Site da Serpro:<br \/><a href=\"https:\/\/dd-publico.serpro.gov.br\/extensions\/transferencias-discricionarias-e-legais\/transferencias-discricionarias-e-legais.html?naturezaJuridica=OSC\" target=\"_blank\" rel=\"noopener\">https:\/\/dd-publico.serpro.gov.br\/extensions\/transferencias-discricionarias-e-legais\/transferencias-discricionarias-e-legais.html?naturezaJuridica=OSC<\/a><\/p>\t\t\t\t\t\t\t\t<\/div>\n\t\t\t\t<\/div>\n\t\t\t\t<div class=\"elementor-element elementor-element-1f34a1f elementor-widget-divider--view-line elementor-widget elementor-widget-divider\" data-id=\"1f34a1f\" data-element_type=\"widget\" data-settings=\"{&quot;ekit_we_effect_on&quot;:&quot;none&quot;}\" data-widget_type=\"divider.default\">\n\t\t\t\t<div class=\"elementor-widget-container\">\n\t\t\t\t\t\t\t<div class=\"elementor-divider\">\n\t\t\t<span class=\"elementor-divider-separator\">\n\t\t\t\t\t\t<\/span>\n\t\t<\/div>\n\t\t\t\t\t\t<\/div>\n\t\t\t\t<\/div>\n\t\t\t\t<div class=\"elementor-element elementor-element-da7acf7 elementor-widget elementor-widget-heading\" data-id=\"da7acf7\" data-element_type=\"widget\" data-settings=\"{&quot;ekit_we_effect_on&quot;:&quot;none&quot;}\" data-widget_type=\"heading.default\">\n\t\t\t\t<div class=\"elementor-widget-container\">\n\t\t\t\t\t<h2 class=\"elementor-heading-title elementor-size-default\">Procure por NOME OSC<\/h2>\t\t\t\t<\/div>\n\t\t\t\t<\/div>\n\t\t\t\t<div class=\"elementor-element elementor-element-d62818e elementor-widget elementor-widget-text-editor\" data-id=\"d62818e\" data-element_type=\"widget\" data-settings=\"{&quot;ekit_we_effect_on&quot;:&quot;none&quot;}\" data-widget_type=\"text-editor.default\">\n\t\t\t\t<div class=\"elementor-widget-container\">\n\t\t\t\t\t\t\t\t\t<p>No Menu esquerdo, na \u00faltima linha, procure por NOME OSC, e digite: INORTE<\/p>\t\t\t\t\t\t\t\t<\/div>\n\t\t\t\t<\/div>\n\t\t\t\t<div class=\"elementor-element elementor-element-314547d elementor-widget elementor-widget-image\" data-id=\"314547d\" data-element_type=\"widget\" data-settings=\"{&quot;ekit_we_effect_on&quot;:&quot;none&quot;}\" data-widget_type=\"image.default\">\n\t\t\t\t<div class=\"elementor-widget-container\">\n\t\t\t\t\t\t\t\t\t\t\t\t\t\t\t<img fetchpriority=\"high\" decoding=\"async\" width=\"1821\" height=\"868\" src=\"https:\/\/institutoinorte.com\/site\/wp-content\/uploads\/2026\/03\/Captura-de-tela-2026-03-24-113111.png\" class=\"attachment-full size-full wp-image-5638\" alt=\"\" srcset=\"https:\/\/institutoinorte.com\/site\/wp-content\/uploads\/2026\/03\/Captura-de-tela-2026-03-24-113111.png 1821w, https:\/\/institutoinorte.com\/site\/wp-content\/uploads\/2026\/03\/Captura-de-tela-2026-03-24-113111-300x143.png 300w, https:\/\/institutoinorte.com\/site\/wp-content\/uploads\/2026\/03\/Captura-de-tela-2026-03-24-113111-1024x488.png 1024w, https:\/\/institutoinorte.com\/site\/wp-content\/uploads\/2026\/03\/Captura-de-tela-2026-03-24-113111-768x366.png 768w, https:\/\/institutoinorte.com\/site\/wp-content\/uploads\/2026\/03\/Captura-de-tela-2026-03-24-113111-1536x732.png 1536w\" sizes=\"(max-width: 1821px) 100vw, 1821px\" \/>\t\t\t\t\t\t\t\t\t\t\t\t\t\t\t<\/div>\n\t\t\t\t<\/div>\n\t\t\t\t<div class=\"elementor-element elementor-element-d03bed2 elementor-widget-divider--view-line elementor-widget elementor-widget-divider\" data-id=\"d03bed2\" data-element_type=\"widget\" data-settings=\"{&quot;ekit_we_effect_on&quot;:&quot;none&quot;}\" data-widget_type=\"divider.default\">\n\t\t\t\t<div class=\"elementor-widget-container\">\n\t\t\t\t\t\t\t<div class=\"elementor-divider\">\n\t\t\t<span class=\"elementor-divider-separator\">\n\t\t\t\t\t\t<\/span>\n\t\t<\/div>\n\t\t\t\t\t\t<\/div>\n\t\t\t\t<\/div>\n\t\t\t\t<div class=\"elementor-element elementor-element-670476c elementor-widget elementor-widget-heading\" data-id=\"670476c\" data-element_type=\"widget\" data-settings=\"{&quot;ekit_we_effect_on&quot;:&quot;none&quot;}\" data-widget_type=\"heading.default\">\n\t\t\t\t<div class=\"elementor-widget-container\">\n\t\t\t\t\t<h2 class=\"elementor-heading-title elementor-size-default\">Digite INORTE no campo de pesquisa<\/h2>\t\t\t\t<\/div>\n\t\t\t\t<\/div>\n\t\t\t\t<div class=\"elementor-element elementor-element-366bbcf elementor-widget elementor-widget-image\" data-id=\"366bbcf\" data-element_type=\"widget\" data-settings=\"{&quot;ekit_we_effect_on&quot;:&quot;none&quot;}\" data-widget_type=\"image.default\">\n\t\t\t\t<div class=\"elementor-widget-container\">\n\t\t\t\t\t\t\t\t\t\t\t\t\t\t\t<img decoding=\"async\" width=\"1066\" height=\"512\" src=\"https:\/\/institutoinorte.com\/site\/wp-content\/uploads\/2026\/03\/Captura-de-tela-2026-03-24-113414.png\" class=\"attachment-full size-full wp-image-5642\" alt=\"\" srcset=\"https:\/\/institutoinorte.com\/site\/wp-content\/uploads\/2026\/03\/Captura-de-tela-2026-03-24-113414.png 1066w, https:\/\/institutoinorte.com\/site\/wp-content\/uploads\/2026\/03\/Captura-de-tela-2026-03-24-113414-300x144.png 300w, https:\/\/institutoinorte.com\/site\/wp-content\/uploads\/2026\/03\/Captura-de-tela-2026-03-24-113414-1024x492.png 1024w, https:\/\/institutoinorte.com\/site\/wp-content\/uploads\/2026\/03\/Captura-de-tela-2026-03-24-113414-768x369.png 768w\" sizes=\"(max-width: 1066px) 100vw, 1066px\" \/>\t\t\t\t\t\t\t\t\t\t\t\t\t\t\t<\/div>\n\t\t\t\t<\/div>\n\t\t\t\t<div class=\"elementor-element elementor-element-2666c5a elementor-widget-divider--view-line elementor-widget elementor-widget-divider\" data-id=\"2666c5a\" data-element_type=\"widget\" data-settings=\"{&quot;ekit_we_effect_on&quot;:&quot;none&quot;}\" data-widget_type=\"divider.default\">\n\t\t\t\t<div class=\"elementor-widget-container\">\n\t\t\t\t\t\t\t<div class=\"elementor-divider\">\n\t\t\t<span class=\"elementor-divider-separator\">\n\t\t\t\t\t\t<\/span>\n\t\t<\/div>\n\t\t\t\t\t\t<\/div>\n\t\t\t\t<\/div>\n\t\t\t\t<div class=\"elementor-element elementor-element-5bfee5a elementor-widget elementor-widget-heading\" data-id=\"5bfee5a\" data-element_type=\"widget\" data-settings=\"{&quot;ekit_we_effect_on&quot;:&quot;none&quot;}\" data-widget_type=\"heading.default\">\n\t\t\t\t<div class=\"elementor-widget-container\">\n\t\t\t\t\t<h2 class=\"elementor-heading-title elementor-size-default\">Pronto, vai aparecer as informa\u00e7\u00f5es como na tela abaixo:<\/h2>\t\t\t\t<\/div>\n\t\t\t\t<\/div>\n\t\t\t\t<div class=\"elementor-element elementor-element-a08d31c elementor-widget elementor-widget-image\" data-id=\"a08d31c\" data-element_type=\"widget\" data-settings=\"{&quot;ekit_we_effect_on&quot;:&quot;none&quot;}\" data-widget_type=\"image.default\">\n\t\t\t\t<div class=\"elementor-widget-container\">\n\t\t\t\t\t\t\t\t\t\t\t\t\t\t\t<img decoding=\"async\" width=\"1321\" height=\"1249\" src=\"https:\/\/institutoinorte.com\/site\/wp-content\/uploads\/2026\/03\/modified_image-2.png\" class=\"attachment-full size-full wp-image-5644\" alt=\"\" srcset=\"https:\/\/institutoinorte.com\/site\/wp-content\/uploads\/2026\/03\/modified_image-2.png 1321w, https:\/\/institutoinorte.com\/site\/wp-content\/uploads\/2026\/03\/modified_image-2-300x284.png 300w, https:\/\/institutoinorte.com\/site\/wp-content\/uploads\/2026\/03\/modified_image-2-1024x968.png 1024w, https:\/\/institutoinorte.com\/site\/wp-content\/uploads\/2026\/03\/modified_image-2-768x726.png 768w\" sizes=\"(max-width: 1321px) 100vw, 1321px\" \/>\t\t\t\t\t\t\t\t\t\t\t\t\t\t\t<\/div>\n\t\t\t\t<\/div>\n\t\t\t\t\t<\/div>\n\t\t\t\t<\/div>\n\t\t\t\t<\/div>\n\t\t","protected":false},"excerpt":{"rendered":"<p>Acesse o link Acesse o link para entrar no Site da Serpro:https:\/\/dd-publico.serpro.gov.br\/extensions\/transferencias-discricionarias-e-legais\/transferencias-discricionarias-e-legais.html?naturezaJuridica=OSC Procure por NOME OSC No Menu esquerdo, na \u00faltima linha, procure por NOME OSC, e digite: INORTE Digite INORTE no campo de pesquisa Pronto, vai aparecer as informa\u00e7\u00f5es como na tela abaixo:<\/p>\n","protected":false},"author":2,"featured_media":0,"parent":0,"menu_order":0,"comment_status":"closed","ping_status":"closed","template":"","meta":{"footnotes":""},"class_list":["post-5634","page","type-page","status-publish","hentry"],"_links":{"self":[{"href":"https:\/\/institutoinorte.com\/site\/wp-json\/wp\/v2\/pages\/5634","targetHints":{"allow":["GET"]}}],"collection":[{"href":"https:\/\/institutoinorte.com\/site\/wp-json\/wp\/v2\/pages"}],"about":[{"href":"https:\/\/institutoinorte.com\/site\/wp-json\/wp\/v2\/types\/page"}],"author":[{"embeddable":true,"href":"https:\/\/institutoinorte.com\/site\/wp-json\/wp\/v2\/users\/2"}],"replies":[{"embeddable":true,"href":"https:\/\/institutoinorte.com\/site\/wp-json\/wp\/v2\/comments?post=5634"}],"version-history":[{"count":7,"href":"https:\/\/institutoinorte.com\/site\/wp-json\/wp\/v2\/pages\/5634\/revisions"}],"predecessor-version":[{"id":5647,"href":"https:\/\/institutoinorte.com\/site\/wp-json\/wp\/v2\/pages\/5634\/revisions\/5647"}],"wp:attachment":[{"href":"https:\/\/institutoinorte.com\/site\/wp-json\/wp\/v2\/media?parent=5634"}],"curies":[{"name":"wp","href":"https:\/\/api.w.org\/{rel}","templated":true}]}}