{"id":5535,"date":"2026-02-04T11:50:29","date_gmt":"2026-02-04T14:50:29","guid":{"rendered":"https:\/\/institutoinorte.com\/site\/?page_id=5535"},"modified":"2026-02-09T11:29:18","modified_gmt":"2026-02-09T14:29:18","slug":"credenciamento-cotas-apoio-carnaval-santana-2026","status":"publish","type":"page","link":"https:\/\/institutoinorte.com\/site\/credenciamento-cotas-apoio-carnaval-santana-2026\/","title":{"rendered":"Credenciamento Cotas apoio Carnaval Santana 2026"},"content":{"rendered":"\t\t<div data-elementor-type=\"wp-page\" data-elementor-id=\"5535\" class=\"elementor elementor-5535\" data-elementor-post-type=\"page\">\n\t\t\t\t<div class=\"elementor-element elementor-element-8a22022 e-flex e-con-boxed e-con e-parent\" data-id=\"8a22022\" data-element_type=\"container\" data-settings=\"{&quot;ekit_has_onepagescroll_dot&quot;:&quot;yes&quot;}\">\n\t\t\t\t\t<div class=\"e-con-inner\">\n\t\t\t\t<div class=\"elementor-element elementor-element-1cbcae9 elementor-widget elementor-widget-button\" data-id=\"1cbcae9\" data-element_type=\"widget\" data-settings=\"{&quot;ekit_we_effect_on&quot;:&quot;none&quot;}\" data-widget_type=\"button.default\">\n\t\t\t\t<div class=\"elementor-widget-container\">\n\t\t\t\t\t\t\t\t\t<div class=\"elementor-button-wrapper\">\n\t\t\t\t\t<a class=\"elementor-button elementor-button-link elementor-size-sm\" href=\"https:\/\/institutoinorte.com\/site\/wp-content\/uploads\/2026\/02\/Edital-de-Credenciamento-Simplificado-para-Cotas-de-Patrocinio-com-Uso-de-Camarote1.pdf\">\n\t\t\t\t\t\t<span class=\"elementor-button-content-wrapper\">\n\t\t\t\t\t\t<span class=\"elementor-button-icon\">\n\t\t\t\t<svg aria-hidden=\"true\" class=\"e-font-icon-svg e-far-arrow-alt-circle-down\" viewBox=\"0 0 512 512\" xmlns=\"http:\/\/www.w3.org\/2000\/svg\"><path d=\"M256 8C119 8 8 119 8 256s111 248 248 248 248-111 248-248S393 8 256 8zm0 448c-110.5 0-200-89.5-200-200S145.5 56 256 56s200 89.5 200 200-89.5 200-200 200zm-32-316v116h-67c-10.7 0-16 12.9-8.5 20.5l99 99c4.7 4.7 12.3 4.7 17 0l99-99c7.6-7.6 2.2-20.5-8.5-20.5h-67V140c0-6.6-5.4-12-12-12h-40c-6.6 0-12 5.4-12 12z\"><\/path><\/svg>\t\t\t<\/span>\n\t\t\t\t\t\t\t\t\t<span class=\"elementor-button-text\">Clique aqui e baixe o edital<\/span>\n\t\t\t\t\t<\/span>\n\t\t\t\t\t<\/a>\n\t\t\t\t<\/div>\n\t\t\t\t\t\t\t\t<\/div>\n\t\t\t\t<\/div>\n\t\t\t\t<div class=\"elementor-element elementor-element-f209c65 elementor-widget elementor-widget-button\" data-id=\"f209c65\" data-element_type=\"widget\" data-settings=\"{&quot;ekit_we_effect_on&quot;:&quot;none&quot;}\" data-widget_type=\"button.default\">\n\t\t\t\t<div class=\"elementor-widget-container\">\n\t\t\t\t\t\t\t\t\t<div class=\"elementor-button-wrapper\">\n\t\t\t\t\t<a class=\"elementor-button elementor-button-link elementor-size-sm\" href=\"https:\/\/institutoinorte.com\/site\/wp-content\/uploads\/2026\/02\/PUBLICACAO-SITE-CREDENCIAMENTO.pdf\">\n\t\t\t\t\t\t<span class=\"elementor-button-content-wrapper\">\n\t\t\t\t\t\t<span class=\"elementor-button-icon\">\n\t\t\t\t<svg aria-hidden=\"true\" class=\"e-font-icon-svg e-far-arrow-alt-circle-down\" viewBox=\"0 0 512 512\" xmlns=\"http:\/\/www.w3.org\/2000\/svg\"><path d=\"M256 8C119 8 8 119 8 256s111 248 248 248 248-111 248-248S393 8 256 8zm0 448c-110.5 0-200-89.5-200-200S145.5 56 256 56s200 89.5 200 200-89.5 200-200 200zm-32-316v116h-67c-10.7 0-16 12.9-8.5 20.5l99 99c4.7 4.7 12.3 4.7 17 0l99-99c7.6-7.6 2.2-20.5-8.5-20.5h-67V140c0-6.6-5.4-12-12-12h-40c-6.6 0-12 5.4-12 12z\"><\/path><\/svg>\t\t\t<\/span>\n\t\t\t\t\t\t\t\t\t<span class=\"elementor-button-text\">AVISO DE RESULTADO DO CREDENCIAMENTO<\/span>\n\t\t\t\t\t<\/span>\n\t\t\t\t\t<\/a>\n\t\t\t\t<\/div>\n\t\t\t\t\t\t\t\t<\/div>\n\t\t\t\t<\/div>\n\t\t\t\t<div class=\"elementor-element elementor-element-bb8e8d5 elementor-hidden-desktop elementor-hidden-tablet elementor-widget elementor-widget-heading\" data-id=\"bb8e8d5\" data-element_type=\"widget\" data-settings=\"{&quot;ekit_we_effect_on&quot;:&quot;none&quot;}\" data-widget_type=\"heading.default\">\n\t\t\t\t<div class=\"elementor-widget-container\">\n\t\t\t\t\t<h2 class=\"elementor-heading-title elementor-size-default\">Formul\u00e1rio de Inscri\u00e7\u00e3o Credenciamento Simplificado<\/h2>\t\t\t\t<\/div>\n\t\t\t\t<\/div>\n\t\t\t\t<div class=\"elementor-element elementor-element-1aa6e15 elementor-hidden-desktop elementor-hidden-tablet elementor-hidden-mobile elementor-widget elementor-widget-text-editor\" data-id=\"1aa6e15\" data-element_type=\"widget\" data-settings=\"{&quot;ekit_we_effect_on&quot;:&quot;none&quot;}\" data-widget_type=\"text-editor.default\">\n\t\t\t\t<div class=\"elementor-widget-container\">\n\t\t\t\t\t\t\t\t\t<p>Cotas de Patroc\u00ednio \/ Apoio Institucional com Autoriza\u00e7\u00e3o Tempor\u00e1ria de Uso de Camarote<br \/>Carnaval do Munic\u00edpio de Santana \u2013 2026<\/p>\t\t\t\t\t\t\t\t<\/div>\n\t\t\t\t<\/div>\n\t\t\t\t<div class=\"elementor-element elementor-element-0d7ba41 elementor-hidden-desktop elementor-hidden-tablet elementor-hidden-mobile elementor-widget elementor-widget-heading\" data-id=\"0d7ba41\" data-element_type=\"widget\" data-settings=\"{&quot;ekit_we_effect_on&quot;:&quot;none&quot;}\" data-widget_type=\"heading.default\">\n\t\t\t\t<div class=\"elementor-widget-container\">\n\t\t\t\t\t<h2 class=\"elementor-heading-title elementor-size-default\">1 - DENTIFICA\u00c7\u00c3O DA EMPRESA INTERESSADA<\/h2>\t\t\t\t<\/div>\n\t\t\t\t<\/div>\n\t\t\t\t\t<\/div>\n\t\t\t\t<\/div>\n\t\t<div class=\"elementor-element elementor-element-9b154f3 e-flex e-con-boxed e-con e-parent\" data-id=\"9b154f3\" data-element_type=\"container\" data-settings=\"{&quot;ekit_has_onepagescroll_dot&quot;:&quot;yes&quot;}\">\n\t\t\t\t\t<div class=\"e-con-inner\">\n\t\t\t\t<div class=\"elementor-element elementor-element-12311b5 elementor-hidden-desktop elementor-hidden-tablet elementor-hidden-mobile elementor-button-align-stretch elementor-widget elementor-widget-form\" data-id=\"12311b5\" data-element_type=\"widget\" data-settings=\"{&quot;step_next_label&quot;:&quot;Next&quot;,&quot;step_previous_label&quot;:&quot;Previous&quot;,&quot;step_type&quot;:&quot;progress_bar&quot;,&quot;button_width&quot;:&quot;100&quot;,&quot;ekit_we_effect_on&quot;:&quot;none&quot;}\" data-widget_type=\"form.default\">\n\t\t\t\t<div class=\"elementor-widget-container\">\n\t\t\t\t\t\t\t<form class=\"elementor-form\" method=\"post\" name=\"Formul\u00e1rio de Inscri\u00e7\u00e3o Credenciamento Simplificado\" aria-label=\"Formul\u00e1rio de Inscri\u00e7\u00e3o Credenciamento Simplificado\">\n\t\t\t<input type=\"hidden\" name=\"post_id\" value=\"5535\"\/>\n\t\t\t<input type=\"hidden\" name=\"form_id\" value=\"12311b5\"\/>\n\t\t\t<input type=\"hidden\" name=\"referer_title\" value=\"Credenciamento Cotas apoio Carnaval Santana 2026\" \/>\n\n\t\t\t\t\t\t\t<input type=\"hidden\" name=\"queried_id\" value=\"5535\"\/>\n\t\t\t\n\t\t\t<div class=\"elementor-form-fields-wrapper elementor-labels-above\">\n\t\t\t\t\t\t\t\t<div class=\"elementor-field-type-text elementor-field-group elementor-column elementor-field-group-name elementor-col-100 elementor-field-required\">\n\t\t\t\t\t\t\t\t\t\t\t\t<label for=\"form-field-name\" class=\"elementor-field-label\">\n\t\t\t\t\t\t\t\tRaz\u00e3o Social: \t\t\t\t\t\t\t<\/label>\n\t\t\t\t\t\t\t\t\t\t\t\t\t\t<input size=\"1\" type=\"text\" name=\"form_fields[name]\" id=\"form-field-name\" class=\"elementor-field elementor-size-sm  elementor-field-textual\" placeholder=\"Digite aqui\" required=\"required\">\n\t\t\t\t\t\t\t\t\t\t\t<\/div>\n\t\t\t\t\t\t\t\t<div class=\"elementor-field-type-text elementor-field-group elementor-column elementor-field-group-email elementor-col-50\">\n\t\t\t\t\t\t\t\t\t\t\t\t<label for=\"form-field-email\" class=\"elementor-field-label\">\n\t\t\t\t\t\t\t\tNome Fantasia (se houver): \t\t\t\t\t\t\t<\/label>\n\t\t\t\t\t\t\t\t\t\t\t\t\t\t<input size=\"1\" type=\"text\" name=\"form_fields[email]\" id=\"form-field-email\" class=\"elementor-field elementor-size-sm  elementor-field-textual\" placeholder=\"Digite aqui\">\n\t\t\t\t\t\t\t\t\t\t\t<\/div>\n\t\t\t\t\t\t\t\t<div class=\"elementor-field-type-number elementor-field-group elementor-column elementor-field-group-message elementor-col-50 elementor-field-required\">\n\t\t\t\t\t\t\t\t\t\t\t\t<label for=\"form-field-message\" class=\"elementor-field-label\">\n\t\t\t\t\t\t\t\tCNPJ: \t\t\t\t\t\t\t<\/label>\n\t\t\t\t\t\t\t\t\t<input type=\"number\" name=\"form_fields[message]\" id=\"form-field-message\" class=\"elementor-field elementor-size-sm  elementor-field-textual\" placeholder=\"Digite aqui\" required=\"required\" min=\"\" max=\"\" >\n\t\t\t\t\t\t<\/div>\n\t\t\t\t\t\t\t\t<div class=\"elementor-field-type-text elementor-field-group elementor-column elementor-field-group-field_e48e903 elementor-col-100 elementor-field-required\">\n\t\t\t\t\t\t\t\t\t\t\t\t<label for=\"form-field-field_e48e903\" class=\"elementor-field-label\">\n\t\t\t\t\t\t\t\tEndere\u00e7o Completo (rua, n\u00ba, bairro, cidade, UF, CEP):\t\t\t\t\t\t\t<\/label>\n\t\t\t\t\t\t\t\t\t\t\t\t\t\t<input size=\"1\" type=\"text\" name=\"form_fields[field_e48e903]\" id=\"form-field-field_e48e903\" class=\"elementor-field elementor-size-sm  elementor-field-textual\" placeholder=\"Digite aqui\" required=\"required\">\n\t\t\t\t\t\t\t\t\t\t\t<\/div>\n\t\t\t\t\t\t\t\t<div class=\"elementor-field-type-tel elementor-field-group elementor-column elementor-field-group-field_c401e93 elementor-col-50 elementor-field-required\">\n\t\t\t\t\t\t\t\t\t\t\t\t<label for=\"form-field-field_c401e93\" class=\"elementor-field-label\">\n\t\t\t\t\t\t\t\tTelefone(s) para contato: \t\t\t\t\t\t\t<\/label>\n\t\t\t\t\t\t\t\t<input size=\"1\" type=\"tel\" name=\"form_fields[field_c401e93]\" id=\"form-field-field_c401e93\" class=\"elementor-field elementor-size-sm  elementor-field-textual\" placeholder=\"Digite aqui\" required=\"required\" pattern=\"[0-9()#&amp;+*-=.]+\" title=\"Only numbers and phone characters (#, -, *, etc) are accepted.\">\n\n\t\t\t\t\t\t<\/div>\n\t\t\t\t\t\t\t\t<div class=\"elementor-field-type-email elementor-field-group elementor-column elementor-field-group-field_c3ff852 elementor-col-50 elementor-field-required\">\n\t\t\t\t\t\t\t\t\t\t\t\t<label for=\"form-field-field_c3ff852\" class=\"elementor-field-label\">\n\t\t\t\t\t\t\t\tE-mail institucional para comunica\u00e7\u00f5es oficiais:\t\t\t\t\t\t\t<\/label>\n\t\t\t\t\t\t\t\t\t\t\t\t\t\t<input size=\"1\" type=\"email\" name=\"form_fields[field_c3ff852]\" id=\"form-field-field_c3ff852\" class=\"elementor-field elementor-size-sm  elementor-field-textual\" placeholder=\"Digite aqui\" required=\"required\">\n\t\t\t\t\t\t\t\t\t\t\t<\/div>\n\t\t\t\t\t\t\t\t<div class=\"elementor-field-type-html elementor-field-group elementor-column elementor-field-group-field_6e8c725 elementor-col-100\">\n\t\t\t\t\t<strong>2 - REPRESENTANTE LEGAL<\/strong>\t\t\t\t<\/div>\n\t\t\t\t\t\t\t\t<div class=\"elementor-field-type-text elementor-field-group elementor-column elementor-field-group-field_e39df9e elementor-col-50 elementor-field-required\">\n\t\t\t\t\t\t\t\t\t\t\t\t<label for=\"form-field-field_e39df9e\" class=\"elementor-field-label\">\n\t\t\t\t\t\t\t\tNome completo: \t\t\t\t\t\t\t<\/label>\n\t\t\t\t\t\t\t\t\t\t\t\t\t\t<input size=\"1\" type=\"text\" name=\"form_fields[field_e39df9e]\" id=\"form-field-field_e39df9e\" class=\"elementor-field elementor-size-sm  elementor-field-textual\" placeholder=\"Digite aqui\" required=\"required\">\n\t\t\t\t\t\t\t\t\t\t\t<\/div>\n\t\t\t\t\t\t\t\t<div class=\"elementor-field-type-text elementor-field-group elementor-column elementor-field-group-field_5738af9 elementor-col-50\">\n\t\t\t\t\t\t\t\t\t\t\t\t<label for=\"form-field-field_5738af9\" class=\"elementor-field-label\">\n\t\t\t\t\t\t\t\tCargo\/Fun\u00e7\u00e3o na empresa:\t\t\t\t\t\t\t<\/label>\n\t\t\t\t\t\t\t\t\t\t\t\t\t\t<input size=\"1\" type=\"text\" name=\"form_fields[field_5738af9]\" id=\"form-field-field_5738af9\" class=\"elementor-field elementor-size-sm  elementor-field-textual\" placeholder=\"Digite aqui\">\n\t\t\t\t\t\t\t\t\t\t\t<\/div>\n\t\t\t\t\t\t\t\t<div class=\"elementor-field-type-number elementor-field-group elementor-column elementor-field-group-field_f9da9be elementor-col-50\">\n\t\t\t\t\t\t\t\t\t\t\t\t<label for=\"form-field-field_f9da9be\" class=\"elementor-field-label\">\n\t\t\t\t\t\t\t\tCPF: \t\t\t\t\t\t\t<\/label>\n\t\t\t\t\t\t\t\t\t<input type=\"number\" name=\"form_fields[field_f9da9be]\" id=\"form-field-field_f9da9be\" class=\"elementor-field elementor-size-sm  elementor-field-textual\" placeholder=\"Digite aqui\" min=\"\" max=\"\" >\n\t\t\t\t\t\t<\/div>\n\t\t\t\t\t\t\t\t<div class=\"elementor-field-type-number elementor-field-group elementor-column elementor-field-group-field_9254a34 elementor-col-50\">\n\t\t\t\t\t\t\t\t\t\t\t\t<label for=\"form-field-field_9254a34\" class=\"elementor-field-label\">\n\t\t\t\t\t\t\t\tRG (com \u00f3rg\u00e3o emissor\/UF): \t\t\t\t\t\t\t<\/label>\n\t\t\t\t\t\t\t\t\t<input type=\"number\" name=\"form_fields[field_9254a34]\" id=\"form-field-field_9254a34\" class=\"elementor-field elementor-size-sm  elementor-field-textual\" placeholder=\"Digite aqui\" min=\"\" max=\"\" >\n\t\t\t\t\t\t<\/div>\n\t\t\t\t\t\t\t\t<div class=\"elementor-field-type-number elementor-field-group elementor-column elementor-field-group-field_2b8d255 elementor-col-50\">\n\t\t\t\t\t\t\t\t\t\t\t\t<label for=\"form-field-field_2b8d255\" class=\"elementor-field-label\">\n\t\t\t\t\t\t\t\tTelefone celular: \t\t\t\t\t\t\t<\/label>\n\t\t\t\t\t\t\t\t\t<input type=\"number\" name=\"form_fields[field_2b8d255]\" id=\"form-field-field_2b8d255\" class=\"elementor-field elementor-size-sm  elementor-field-textual\" placeholder=\"Digite aqui\" min=\"\" max=\"\" >\n\t\t\t\t\t\t<\/div>\n\t\t\t\t\t\t\t\t<div class=\"elementor-field-type-email elementor-field-group elementor-column elementor-field-group-field_39abd63 elementor-col-50\">\n\t\t\t\t\t\t\t\t\t\t\t\t<label for=\"form-field-field_39abd63\" class=\"elementor-field-label\">\n\t\t\t\t\t\t\t\tE-mail pessoal\/profissional:\t\t\t\t\t\t\t<\/label>\n\t\t\t\t\t\t\t\t\t\t\t\t\t\t<input size=\"1\" type=\"email\" name=\"form_fields[field_39abd63]\" id=\"form-field-field_39abd63\" class=\"elementor-field elementor-size-sm  elementor-field-textual\" placeholder=\"Digite aqui\">\n\t\t\t\t\t\t\t\t\t\t\t<\/div>\n\t\t\t\t\t\t\t\t<div class=\"elementor-field-type-html elementor-field-group elementor-column elementor-field-group-field_1f2129e elementor-col-100\">\n\t\t\t\t\t<strong>3 - COTA DE PATROC\u00cdNIO \/ APOIO INSTITUCIONAL PRETENDIDA<\/strong>\n\n- A escolha da cota n\u00e3o garante reserva de vaga, estando condicionada \u00e0 ordem de protocolo, e apresenta\u00e7\u00e3o documental e disponibilidade.\t\t\t\t<\/div>\n\t\t\t\t\t\t\t\t<div class=\"elementor-field-type-select elementor-field-group elementor-column elementor-field-group-field_6537f7e elementor-col-100\">\n\t\t\t\t\t\t\t<div class=\"elementor-field elementor-select-wrapper remove-before \">\n\t\t\t<div class=\"select-caret-down-wrapper\">\n\t\t\t\t<svg aria-hidden=\"true\" class=\"e-font-icon-svg e-eicon-caret-down\" viewBox=\"0 0 571.4 571.4\" xmlns=\"http:\/\/www.w3.org\/2000\/svg\"><path d=\"M571 393Q571 407 561 418L311 668Q300 679 286 679T261 668L11 418Q0 407 0 393T11 368 36 357H536Q550 357 561 368T571 393Z\"><\/path><\/svg>\t\t\t<\/div>\n\t\t\t<select name=\"form_fields[field_6537f7e]\" id=\"form-field-field_6537f7e\" class=\"elementor-field-textual elementor-size-sm\">\n\t\t\t\t\t\t\t\t\t<option value=\"COTA 01 \u2013 Camarote localizado no Corredor da Folia, medindo 10 x 50 m - Valor total: R$ 50.000,00\">COTA 01 \u2013 Camarote localizado no Corredor da Folia, medindo 10 x 50 m - Valor total: R$ 50.000,00<\/option>\n\t\t\t\t\t\t\t\t\t<option value=\"COTA 02 \u2013 Camarote localizado no Corredor da Folia, medindo 10 x 40 m Valor total: R$ 40.000,00\">COTA 02 \u2013 Camarote localizado no Corredor da Folia, medindo 10 x 40 m Valor total: R$ 40.000,00<\/option>\n\t\t\t\t\t\t\t\t\t<option value=\"COTA 03 \u2013 Camarote localizado no Corredor da Folia, medindo 10 x 10 m Valor total: R$ 20.000,00\">COTA 03 \u2013 Camarote localizado no Corredor da Folia, medindo 10 x 10 m Valor total: R$ 20.000,00<\/option>\n\t\t\t\t\t\t\t<\/select>\n\t\t<\/div>\n\t\t\t\t\t\t<\/div>\n\t\t\t\t\t\t\t\t<div class=\"elementor-field-type-html elementor-field-group elementor-column elementor-field-group-field_5fea489 elementor-col-100\">\n\t\t\t\t\t<strong>4 - DECLARA\u00c7\u00d5ES OBRIGAT\u00d3RIAS (MARCAR TODAS)<\/strong>\t\t\t\t<\/div>\n\t\t\t\t\t\t\t\t<div class=\"elementor-field-type-checkbox elementor-field-group elementor-column elementor-field-group-field_3f63920 elementor-col-100\">\n\t\t\t\t\t<div class=\"elementor-field-subgroup  \"><span class=\"elementor-field-option\"><input type=\"checkbox\" value=\"Declaro que li integralmente e tenho plena ci\u00eancia do Edital de Credenciamento Simplificado n\u00ba 001\/2026 - INORTE e concordo com todas as suas regras, condi\u00e7\u00f5es, obriga\u00e7\u00f5es e veda\u00e7\u00f5es.\" id=\"form-field-field_3f63920-0\" name=\"form_fields[field_3f63920][]\"> <label for=\"form-field-field_3f63920-0\">Declaro que li integralmente e tenho plena ci\u00eancia do Edital de Credenciamento Simplificado n\u00ba 001\/2026 - INORTE e concordo com todas as suas regras, condi\u00e7\u00f5es, obriga\u00e7\u00f5es e veda\u00e7\u00f5es.<\/label><\/span><span class=\"elementor-field-option\"><input type=\"checkbox\" value=\"Declaro estar ciente de que a \u00fanica contrapartida decorrente do apoio institucional \u00e9 a autoriza\u00e7\u00e3o tempor\u00e1ria de uso de camarote, n\u00e3o havendo qualquer direito \u00e0 divulga\u00e7\u00e3o ou promo\u00e7\u00e3o de marca.\" id=\"form-field-field_3f63920-1\" name=\"form_fields[field_3f63920][]\"> <label for=\"form-field-field_3f63920-1\">Declaro estar ciente de que a \u00fanica contrapartida decorrente do apoio institucional \u00e9 a autoriza\u00e7\u00e3o tempor\u00e1ria de uso de camarote, n\u00e3o havendo qualquer direito \u00e0 divulga\u00e7\u00e3o ou promo\u00e7\u00e3o de marca.<\/label><\/span><span class=\"elementor-field-option\"><input type=\"checkbox\" value=\"Declaro ci\u00eancia de que toda a estrutura do camarote ser\u00e1 custeada integralmente pela patrocinadora, sendo disponibilizado pelo Instituto INORTE apenas o espa\u00e7o f\u00edsico, devendo a montagem obedecer ao croqui oficial aprovado pela Funda\u00e7\u00e3o de Cultura do Munic\u00edpio.\" id=\"form-field-field_3f63920-2\" name=\"form_fields[field_3f63920][]\"> <label for=\"form-field-field_3f63920-2\">Declaro ci\u00eancia de que toda a estrutura do camarote ser\u00e1 custeada integralmente pela patrocinadora, sendo disponibilizado pelo Instituto INORTE apenas o espa\u00e7o f\u00edsico, devendo a montagem obedecer ao croqui oficial aprovado pela Funda\u00e7\u00e3o de Cultura do Munic\u00edpio.<\/label><\/span><span class=\"elementor-field-option\"><input type=\"checkbox\" value=\"Declaro ci\u00eancia de que o valor da cota dever\u00e1 ser depositado exclusivamente na conta banc\u00e1ria espec\u00edfica indicada pelo Instituto INORTE, integrando a presta\u00e7\u00e3o de contas do projeto.\" id=\"form-field-field_3f63920-3\" name=\"form_fields[field_3f63920][]\"> <label for=\"form-field-field_3f63920-3\">Declaro ci\u00eancia de que o valor da cota dever\u00e1 ser depositado exclusivamente na conta banc\u00e1ria espec\u00edfica indicada pelo Instituto INORTE, integrando a presta\u00e7\u00e3o de contas do projeto.<\/label><\/span><span class=\"elementor-field-option\"><input type=\"checkbox\" value=\"Declaro ci\u00eancia de que o credenciamento n\u00e3o gera direito subjetivo \u00e0 contrata\u00e7\u00e3o, constituindo mera expectativa de direito.\" id=\"form-field-field_3f63920-4\" name=\"form_fields[field_3f63920][]\"> <label for=\"form-field-field_3f63920-4\">Declaro ci\u00eancia de que o credenciamento n\u00e3o gera direito subjetivo \u00e0 contrata\u00e7\u00e3o, constituindo mera expectativa de direito.<\/label><\/span><\/div>\t\t\t\t<\/div>\n\t\t\t\t\t\t\t\t<div class=\"elementor-field-type-html elementor-field-group elementor-column elementor-field-group-field_def9ff9 elementor-col-100\">\n\t\t\t\t\t<strong>5 - DOCUMENTOS A SEREM ANEXADOS (UPLOAD OBRIGAT\u00d3RIO)<\/strong>\t\t\t\t<\/div>\n\t\t\t\t\t\t\t\t<div class=\"elementor-field-type-upload elementor-field-group elementor-column elementor-field-group-field_fe54127 elementor-col-100 elementor-field-required\">\n\t\t\t\t\t\t\t\t\t\t\t\t<label for=\"form-field-field_fe54127\" class=\"elementor-field-label\">\n\t\t\t\t\t\t\t\tCart\u00e3o do CNPJ atualizado\t\t\t\t\t\t\t<\/label>\n\t\t\t\t\t\t\t\t<input type=\"file\" name=\"form_fields[field_fe54127]\" id=\"form-field-field_fe54127\" class=\"elementor-field elementor-size-sm  elementor-upload-field\" required=\"required\">\n\n\t\t\t\t\t\t<\/div>\n\t\t\t\t\t\t\t\t<div class=\"elementor-field-type-upload elementor-field-group elementor-column elementor-field-group-field_bde5fac elementor-col-100 elementor-field-required\">\n\t\t\t\t\t\t\t\t\t\t\t\t<label for=\"form-field-field_bde5fac\" class=\"elementor-field-label\">\n\t\t\t\t\t\t\t\tContrato Social ou Ato Constitutivo consolidado\t\t\t\t\t\t\t<\/label>\n\t\t\t\t\t\t\t\t<input type=\"file\" name=\"form_fields[field_bde5fac]\" id=\"form-field-field_bde5fac\" class=\"elementor-field elementor-size-sm  elementor-upload-field\" required=\"required\">\n\n\t\t\t\t\t\t<\/div>\n\t\t\t\t\t\t\t\t<div class=\"elementor-field-type-upload elementor-field-group elementor-column elementor-field-group-field_408cdb0 elementor-col-100 elementor-field-required\">\n\t\t\t\t\t\t\t\t\t\t\t\t<label for=\"form-field-field_408cdb0\" class=\"elementor-field-label\">\n\t\t\t\t\t\t\t\tDocumento de identifica\u00e7\u00e3o do representante legal\t\t\t\t\t\t\t<\/label>\n\t\t\t\t\t\t\t\t<input type=\"file\" name=\"form_fields[field_408cdb0]\" id=\"form-field-field_408cdb0\" class=\"elementor-field elementor-size-sm  elementor-upload-field\" required=\"required\">\n\n\t\t\t\t\t\t<\/div>\n\t\t\t\t\t\t\t\t<div class=\"elementor-field-type-upload elementor-field-group elementor-column elementor-field-group-field_4f73cb6 elementor-col-100 elementor-field-required\">\n\t\t\t\t\t\t\t\t\t\t\t\t<label for=\"form-field-field_4f73cb6\" class=\"elementor-field-label\">\n\t\t\t\t\t\t\t\tDeclara\u00e7\u00e3o de Ci\u00eancia e Concord\u00e2ncia com as Regras do Edital (assinada)\t\t\t\t\t\t\t<\/label>\n\t\t\t\t\t\t\t\t<input type=\"file\" name=\"form_fields[field_4f73cb6]\" id=\"form-field-field_4f73cb6\" class=\"elementor-field elementor-size-sm  elementor-upload-field\" required=\"required\">\n\n\t\t\t\t\t\t<\/div>\n\t\t\t\t\t\t\t\t<div class=\"elementor-field-type-upload elementor-field-group elementor-column elementor-field-group-field_a27a5d1 elementor-col-100 elementor-field-required\">\n\t\t\t\t\t\t\t\t\t\t\t\t<label for=\"form-field-field_a27a5d1\" class=\"elementor-field-label\">\n\t\t\t\t\t\t\t\tOutros documentos que o Edital exigir (se houver)\t\t\t\t\t\t\t<\/label>\n\t\t\t\t\t\t\t\t<input type=\"file\" name=\"form_fields[field_a27a5d1]\" id=\"form-field-field_a27a5d1\" class=\"elementor-field elementor-size-sm  elementor-upload-field\" required=\"required\">\n\n\t\t\t\t\t\t<\/div>\n\t\t\t\t\t\t\t\t<div class=\"elementor-field-type-html elementor-field-group elementor-column elementor-field-group-field_29de38c elementor-col-100\">\n\t\t\t\t\t<strong>6 - RESPONSABILIDADE E VERACIDADE DAS INFORMA\u00c7\u00d5ES<\/strong>\t\t\t\t<\/div>\n\t\t\t\t\t\t\t\t<div class=\"elementor-field-type-acceptance elementor-field-group elementor-column elementor-field-group-field_c562f77 elementor-col-100 elementor-field-required\">\n\t\t\t\t\t\t\t<div class=\"elementor-field-subgroup\">\n\t\t\t<span class=\"elementor-field-option\">\n\t\t\t\t<input type=\"checkbox\" name=\"form_fields[field_c562f77]\" id=\"form-field-field_c562f77\" class=\"elementor-field elementor-size-sm  elementor-acceptance-field\" required=\"required\" checked=\"checked\">\n\t\t\t\t<label for=\"form-field-field_c562f77\">Declaro, sob as penas da lei, que todas as informa\u00e7\u00f5es prestadas neste formul\u00e1rio s\u00e3o verdadeiras, completas e atualizadas, responsabilizando-me civil, administrativa e criminalmente por qualquer informa\u00e7\u00e3o falsa ou inexata.<\/label>\t\t\t<\/span>\n\t\t<\/div>\n\t\t\t\t\t\t<\/div>\n\t\t\t\t\t\t\t\t<div class=\"elementor-field-group elementor-column elementor-field-type-submit elementor-col-100 e-form__buttons\">\n\t\t\t\t\t<button class=\"elementor-button elementor-size-sm\" type=\"submit\">\n\t\t\t\t\t\t<span class=\"elementor-button-content-wrapper\">\n\t\t\t\t\t\t\t\t\t\t\t\t\t\t\t\t\t\t\t\t\t\t<span class=\"elementor-button-text\">ENVIAR INSCRI\u00c7\u00c3O<\/span>\n\t\t\t\t\t\t\t\t\t\t\t\t\t<\/span>\n\t\t\t\t\t<\/button>\n\t\t\t\t<\/div>\n\t\t\t<\/div>\n\t\t<\/form>\n\t\t\t\t\t\t<\/div>\n\t\t\t\t<\/div>\n\t\t\t\t\t<\/div>\n\t\t\t\t<\/div>\n\t\t\t\t<\/div>\n\t\t","protected":false},"excerpt":{"rendered":"<p>Clique aqui e baixe o edital AVISO DE RESULTADO DO CREDENCIAMENTO Formul\u00e1rio de Inscri\u00e7\u00e3o Credenciamento Simplificado Cotas de Patroc\u00ednio \/ Apoio Institucional com Autoriza\u00e7\u00e3o Tempor\u00e1ria de Uso de CamaroteCarnaval do Munic\u00edpio de Santana \u2013 2026 1 &#8211; DENTIFICA\u00c7\u00c3O DA EMPRESA INTERESSADA<\/p>\n","protected":false},"author":2,"featured_media":0,"parent":0,"menu_order":0,"comment_status":"closed","ping_status":"closed","template":"","meta":{"footnotes":""},"class_list":["post-5535","page","type-page","status-publish","hentry"],"_links":{"self":[{"href":"https:\/\/institutoinorte.com\/site\/wp-json\/wp\/v2\/pages\/5535","targetHints":{"allow":["GET"]}}],"collection":[{"href":"https:\/\/institutoinorte.com\/site\/wp-json\/wp\/v2\/pages"}],"about":[{"href":"https:\/\/institutoinorte.com\/site\/wp-json\/wp\/v2\/types\/page"}],"author":[{"embeddable":true,"href":"https:\/\/institutoinorte.com\/site\/wp-json\/wp\/v2\/users\/2"}],"replies":[{"embeddable":true,"href":"https:\/\/institutoinorte.com\/site\/wp-json\/wp\/v2\/comments?post=5535"}],"version-history":[{"count":52,"href":"https:\/\/institutoinorte.com\/site\/wp-json\/wp\/v2\/pages\/5535\/revisions"}],"predecessor-version":[{"id":5607,"href":"https:\/\/institutoinorte.com\/site\/wp-json\/wp\/v2\/pages\/5535\/revisions\/5607"}],"wp:attachment":[{"href":"https:\/\/institutoinorte.com\/site\/wp-json\/wp\/v2\/media?parent=5535"}],"curies":[{"name":"wp","href":"https:\/\/api.w.org\/{rel}","templated":true}]}}