{"id":5173,"date":"2025-09-05T11:39:45","date_gmt":"2025-09-05T14:39:45","guid":{"rendered":"https:\/\/institutoinorte.com\/site\/?page_id=5173"},"modified":"2025-09-16T18:53:57","modified_gmt":"2025-09-16T21:53:57","slug":"selecao-engenheiro-cipemac","status":"publish","type":"page","link":"https:\/\/institutoinorte.com\/site\/selecao-engenheiro-cipemac\/","title":{"rendered":"Sele\u00e7\u00e3o Engenheiro Cipemac"},"content":{"rendered":"\t\t<div data-elementor-type=\"wp-page\" data-elementor-id=\"5173\" class=\"elementor elementor-5173\" data-elementor-post-type=\"page\">\n\t\t\t\t<div class=\"elementor-element elementor-element-eb35763 e-flex e-con-boxed e-con e-parent\" data-id=\"eb35763\" data-element_type=\"container\" data-settings=\"{&quot;ekit_has_onepagescroll_dot&quot;:&quot;yes&quot;}\">\n\t\t\t\t\t<div class=\"e-con-inner\">\n\t\t\t\t<div class=\"elementor-element elementor-element-540709b elementor-widget elementor-widget-heading\" data-id=\"540709b\" data-element_type=\"widget\" data-settings=\"{&quot;ekit_we_effect_on&quot;:&quot;none&quot;}\" data-widget_type=\"heading.default\">\n\t\t\t\t<div class=\"elementor-widget-container\">\n\t\t\t\t\t<h2 class=\"elementor-heading-title elementor-size-default\">EDITAL N\u00ba 001\/2025 \u2013 INSTITUTO INORTE\nSELE\u00c7\u00c3O DE CANDIDATOS (A) PARA CONTRATA\u00c7\u00c3O DE ENGENHEIRO ESPECIALISTA PARA A\nCOMPOSI\u00c7\u00c3O DE BANCA JULGADORA (CRIT\u00c9RIO: T\u00c9CNICA E PRE\u00c7O)<\/h2>\t\t\t\t<\/div>\n\t\t\t\t<\/div>\n\t\t\t\t<div class=\"elementor-element elementor-element-f851e33 elementor-align-center elementor-widget elementor-widget-button\" data-id=\"f851e33\" data-element_type=\"widget\" data-settings=\"{&quot;ekit_we_effect_on&quot;:&quot;none&quot;}\" data-widget_type=\"button.default\">\n\t\t\t\t<div class=\"elementor-widget-container\">\n\t\t\t\t\t\t\t\t\t<div class=\"elementor-button-wrapper\">\n\t\t\t\t\t<a class=\"elementor-button elementor-button-link elementor-size-sm\" href=\"https:\/\/institutoinorte.com\/site\/wp-content\/uploads\/2025\/09\/Edital-de-Selecao-001-Engenheiro.pdf\" target=\"_blank\">\n\t\t\t\t\t\t<span class=\"elementor-button-content-wrapper\">\n\t\t\t\t\t\t\t\t\t<span class=\"elementor-button-text\">Acesse o edital aqui !<\/span>\n\t\t\t\t\t<\/span>\n\t\t\t\t\t<\/a>\n\t\t\t\t<\/div>\n\t\t\t\t\t\t\t\t<\/div>\n\t\t\t\t<\/div>\n\t\t\t\t<div class=\"elementor-element elementor-element-45c0bd3 elementor-align-center elementor-widget elementor-widget-button\" data-id=\"45c0bd3\" data-element_type=\"widget\" data-settings=\"{&quot;ekit_we_effect_on&quot;:&quot;none&quot;}\" data-widget_type=\"button.default\">\n\t\t\t\t<div class=\"elementor-widget-container\">\n\t\t\t\t\t\t\t\t\t<div class=\"elementor-button-wrapper\">\n\t\t\t\t\t<a class=\"elementor-button elementor-button-link elementor-size-sm\" href=\"https:\/\/institutoinorte.com\/site\/wp-content\/uploads\/2025\/09\/Edital-de-prorrogacao-Contratacao-Engenheiro.pdf\" target=\"_blank\">\n\t\t\t\t\t\t<span class=\"elementor-button-content-wrapper\">\n\t\t\t\t\t\t\t\t\t<span class=\"elementor-button-text\">Acesse o edital de Prorroga\u00e7\u00e3o aqui !<\/span>\n\t\t\t\t\t<\/span>\n\t\t\t\t\t<\/a>\n\t\t\t\t<\/div>\n\t\t\t\t\t\t\t\t<\/div>\n\t\t\t\t<\/div>\n\t\t\t\t<div class=\"elementor-element elementor-element-912daf4 elementor-align-center elementor-widget elementor-widget-button\" data-id=\"912daf4\" data-element_type=\"widget\" data-settings=\"{&quot;ekit_we_effect_on&quot;:&quot;none&quot;}\" data-widget_type=\"button.default\">\n\t\t\t\t<div class=\"elementor-widget-container\">\n\t\t\t\t\t\t\t\t\t<div class=\"elementor-button-wrapper\">\n\t\t\t\t\t<a class=\"elementor-button elementor-button-link elementor-size-sm\" href=\"https:\/\/institutoinorte.com\/site\/wp-content\/uploads\/2025\/09\/RESULTADO_CHAMAMENTO_ENGENHEIRO_assinado_assinado_assinado_assinado_assinado_assinado_assinado.pdf\" target=\"_blank\">\n\t\t\t\t\t\t<span class=\"elementor-button-content-wrapper\">\n\t\t\t\t\t\t\t\t\t<span class=\"elementor-button-text\">RESULTADO DO CHAMAMENTO<\/span>\n\t\t\t\t\t<\/span>\n\t\t\t\t\t<\/a>\n\t\t\t\t<\/div>\n\t\t\t\t\t\t\t\t<\/div>\n\t\t\t\t<\/div>\n\t\t\t\t<div class=\"elementor-element elementor-element-e165846 elementor-hidden-desktop elementor-hidden-tablet elementor-hidden-mobile elementor-widget elementor-widget-shortcode\" data-id=\"e165846\" data-element_type=\"widget\" data-settings=\"{&quot;ekit_we_effect_on&quot;:&quot;none&quot;}\" data-widget_type=\"shortcode.default\">\n\t\t\t\t<div class=\"elementor-widget-container\">\n\t\t\t\t\t\t\t<div class=\"elementor-shortcode\"><div class=\"everest-forms\"><script type='text\/javascript'>\n\/* <![CDATA[ *\/\nvar evf_settings = {\"currency_code\":\"USD\",\"currency_thousands\":\",\",\"currency_decimal\":\".\",\"currency_symbol\":\"$\",\"currency_symbol_pos\":\"left\"}\n\/* ]]> *\/\n<\/script>\n<div class=\"evf-container layout-two\" id=\"evf-5175\"><form id=\"evf-form-5175\" class=\"everest-form\" data-formid=\"5175\" data-ajax_submission=\"0\" data-keyboard_friendly_form=\"0\" data-form_state_type=\"\" method=\"post\" enctype=\"multipart\/form-data\" action=\"\/site\/wp-json\/wp\/v2\/pages\/5173\"><div class=\"evf-field-container\"><input type=\"hidden\" id=\"_wpnonce5175\" name=\"_wpnonce5175\" value=\"24e4210515\" \/><input type=\"hidden\" name=\"_wp_http_referer\" value=\"\/site\/wp-json\/wp\/v2\/pages\/5173\" \/><div class=\"evf-frontend-row\" data-row=\"row_2\" conditional_rules=\"[]\"><div class=\"evf-frontend-grid evf-grid-1\" data-grid=\"grid_1\"><div id=\"evf-5175-field_Z2ciq5V88w-9-container\" class=\"evf-field evf-field-first-name form-row validate-required\" data-required-field-message=\"Este campo \u00e9 obrigat\u00f3rio.\" data-field-id=\"Z2ciq5V88w-9\"><label class=\"evf-field-label\" for=\"evf-5175-field_Z2ciq5V88w-9\"><span class=\"evf-label\">Nome Completo<\/span> <abbr class=\"required\" title=\"Required\">*<\/abbr><\/label><input type=\"text\" id=\"evf-5175-field_Z2ciq5V88w-9\" class=\"input-text\" name=\"everest_forms[form_fields][Z2ciq5V88w-9]\" conditional_id=\"Z2ciq5V88w-9\" required><\/div><div id=\"evf-5175-field_7Dgz5AzPxK-10-container\" class=\"evf-field evf-field-phone form-row validate-required validate-phone\" data-required-field-message=\"Por favor, insira um n\u00famero de telefone v\u00e1lido.\" data-field-id=\"7Dgz5AzPxK-10\"><label class=\"evf-field-label\" for=\"evf-5175-field_7Dgz5AzPxK-10\"><span class=\"evf-label\">Telefone<\/span> <abbr class=\"required\" title=\"Required\">*<\/abbr><\/label><input type=\"tel\" id=\"evf-5175-field_7Dgz5AzPxK-10\" class=\"input-text evf-masked-input\" data-rule-phone-field=\"true\" data-inputmask-mask=\"(99) 99999-9999\" name=\"everest_forms[form_fields][7Dgz5AzPxK-10]\" conditional_id=\"7Dgz5AzPxK-10\" required><\/div><div id=\"evf-5175-field_vn15NEW9sT-11-container\" class=\"evf-field evf-field-file-upload form-row\" data-field-id=\"vn15NEW9sT-11\"><label class=\"evf-field-label\" for=\"evf-5175-field_vn15NEW9sT-11\"><span class=\"evf-label\">Carregue seu Curr\u00edculum aqui:<\/span> <\/label>\t\t<div class=\"everest-forms-uploader\"\n\t\t\tdata-field-id=\"vn15NEW9sT-11\"\n\t\t\tdata-form-id=\"5175\"\n\t\t\tdata-input-name=\"everest_forms_5175_vn15NEW9sT-11\"\n\t\t\tdata-extensions=\"pdf,png,jpeg,jpg\"\n\t\t\tdata-max-size=\"2097152\"\n\t\t\tdata-max-file-number=\"10\"\n\t\t\tdata-post-max-size=\"2147483648\"\n\t\t\tdata-current-file-count=\"0\"\n\t\t\t>\n\t\t\t<div class=\"dz-message\">\n\t\t\t\t<svg xmlns=\"http:\/\/www.w3.org\/2000\/svg\" viewBox=\"0 0 32 32\" width=\"32px\" height=\"32px\" fill=\"#868e96\"><path class=\"cls-1\" d=\"M18.12,17.52,17,16.4V25a1,1,0,0,1-2,0V16.4l-1.12,1.12a1,1,0,0,1-1.42,0,1,1,0,0,1,0-1.41l2.83-2.83a1,1,0,0,1,1.42,0l2.83,2.83a1,1,0,0,1-.71,1.7A1,1,0,0,1,18.12,17.52ZM22,22H20a1,1,0,0,1,0-2h2a4,4,0,0,0,.27-8,1,1,0,0,1-.84-.57,6,6,0,0,0-11.36,1.69,1,1,0,0,1-1,.86H9A3,3,0,0,0,9,20h3a1,1,0,0,1,0,2H9a5,5,0,0,1-.75-9.94A8,8,0,0,1,23,10.1,6,6,0,0,1,22,22Z\"\/><\/svg>\n\t\t\t\t<span class=\"everest-forms-upload-title\">\n\t\t\t\t\tSolte seu arquivo aqui ou clique aqui para fazer upload\t\t\t\t<\/span>\n\n\t\t\t\t\t\t\t\t\t<span class=\"everest-forms-upload-hint\">\n\t\t\t\t\t\tVoc\u00ea pode carregar at\u00e9 10 arquivo.\t\t\t\t\t<\/span>\n\t\t\t\t\t\t\t<\/div>\n\t\t\t\t\t<\/div>\n\t\t<input type=\"text\" class=\"dropzone-input input-text\" id=\"everest-forms-5175-field_vn15NEW9sT-11\" name=\"everest_forms_5175_vn15NEW9sT-11\"  conditional_id=\"vn15NEW9sT-11\" conditional_rules=''>\n\t\t<\/div><\/div><\/div><\/div><div class=\"evf-honeypot-container evf-field-hp\"><label for=\"evf-5175-field-hp\" class=\"evf-field-label\">Name<\/label><input type=\"text\" name=\"everest_forms[hp]\" id=\"evf-5175-field-hp\" class=\"input-text\"><\/div><div class=\"evf-submit-container \" ><input type=\"hidden\" name=\"everest_forms[id]\" value=\"5175\"><input type=\"hidden\" name=\"everest_forms[author]\" value=\"2\"><button type='submit' name='everest_forms[submit]' class='everest-forms-submit-button button evf-submit ' id='evf-submit-5175' value='evf-submit' data-process-text=\"Enviando\u2026\" conditional_rules='&quot;&quot;' conditional_id='evf-submit-5175'  id=\"evf-submit-5175\" aria-live=\"assertive\">ENVIAR CURR\u00cdCULUM<\/button><\/div><\/form><\/div><!-- .evf-container --><\/div><\/div>\n\t\t\t\t\t\t<\/div>\n\t\t\t\t<\/div>\n\t\t\t\t\t<\/div>\n\t\t\t\t<\/div>\n\t\t\t\t<\/div>\n\t\t","protected":false},"excerpt":{"rendered":"<p>EDITAL N\u00ba 001\/2025 \u2013 INSTITUTO INORTE SELE\u00c7\u00c3O DE CANDIDATOS (A) PARA CONTRATA\u00c7\u00c3O DE ENGENHEIRO ESPECIALISTA PARA A COMPOSI\u00c7\u00c3O DE BANCA JULGADORA (CRIT\u00c9RIO: T\u00c9CNICA E PRE\u00c7O) Acesse o edital aqui ! Acesse o edital de Prorroga\u00e7\u00e3o aqui ! RESULTADO DO CHAMAMENTO<\/p>\n","protected":false},"author":2,"featured_media":0,"parent":0,"menu_order":0,"comment_status":"closed","ping_status":"closed","template":"","meta":{"footnotes":""},"class_list":["post-5173","page","type-page","status-publish","hentry"],"_links":{"self":[{"href":"https:\/\/institutoinorte.com\/site\/wp-json\/wp\/v2\/pages\/5173","targetHints":{"allow":["GET"]}}],"collection":[{"href":"https:\/\/institutoinorte.com\/site\/wp-json\/wp\/v2\/pages"}],"about":[{"href":"https:\/\/institutoinorte.com\/site\/wp-json\/wp\/v2\/types\/page"}],"author":[{"embeddable":true,"href":"https:\/\/institutoinorte.com\/site\/wp-json\/wp\/v2\/users\/2"}],"replies":[{"embeddable":true,"href":"https:\/\/institutoinorte.com\/site\/wp-json\/wp\/v2\/comments?post=5173"}],"version-history":[{"count":29,"href":"https:\/\/institutoinorte.com\/site\/wp-json\/wp\/v2\/pages\/5173\/revisions"}],"predecessor-version":[{"id":5250,"href":"https:\/\/institutoinorte.com\/site\/wp-json\/wp\/v2\/pages\/5173\/revisions\/5250"}],"wp:attachment":[{"href":"https:\/\/institutoinorte.com\/site\/wp-json\/wp\/v2\/media?parent=5173"}],"curies":[{"name":"wp","href":"https:\/\/api.w.org\/{rel}","templated":true}]}}