{"id":5131,"date":"2025-09-02T10:28:39","date_gmt":"2025-09-02T13:28:39","guid":{"rendered":"https:\/\/institutoinorte.com\/site\/?page_id=5131"},"modified":"2025-09-16T00:01:00","modified_gmt":"2025-09-16T03:01:00","slug":"inscricao-santana-sabores-2025","status":"publish","type":"page","link":"https:\/\/institutoinorte.com\/site\/inscricao-santana-sabores-2025\/","title":{"rendered":"Inscri\u00e7\u00e3o Santana Sabores 2025"},"content":{"rendered":"\t\t<div data-elementor-type=\"wp-page\" data-elementor-id=\"5131\" class=\"elementor elementor-5131\" data-elementor-post-type=\"page\">\n\t\t\t\t<div class=\"elementor-element elementor-element-71976c2 e-con-full e-flex e-con e-parent\" data-id=\"71976c2\" data-element_type=\"container\" data-settings=\"{&quot;ekit_has_onepagescroll_dot&quot;:&quot;yes&quot;}\">\n\t\t\t\t<div class=\"elementor-element elementor-element-854ec34 elementor-widget elementor-widget-image\" data-id=\"854ec34\" data-element_type=\"widget\" data-settings=\"{&quot;ekit_we_effect_on&quot;:&quot;none&quot;}\" data-widget_type=\"image.default\">\n\t\t\t\t<div class=\"elementor-widget-container\">\n\t\t\t\t\t\t\t\t\t\t\t\t\t\t\t<img fetchpriority=\"high\" decoding=\"async\" width=\"1536\" height=\"466\" src=\"https:\/\/institutoinorte.com\/site\/wp-content\/uploads\/2025\/09\/BANNER-SABORES-SANTANA-1.png\" class=\"attachment-full size-full wp-image-5199\" alt=\"\" srcset=\"https:\/\/institutoinorte.com\/site\/wp-content\/uploads\/2025\/09\/BANNER-SABORES-SANTANA-1.png 1536w, https:\/\/institutoinorte.com\/site\/wp-content\/uploads\/2025\/09\/BANNER-SABORES-SANTANA-1-300x91.png 300w, https:\/\/institutoinorte.com\/site\/wp-content\/uploads\/2025\/09\/BANNER-SABORES-SANTANA-1-1024x311.png 1024w, https:\/\/institutoinorte.com\/site\/wp-content\/uploads\/2025\/09\/BANNER-SABORES-SANTANA-1-768x233.png 768w\" sizes=\"(max-width: 1536px) 100vw, 1536px\" \/>\t\t\t\t\t\t\t\t\t\t\t\t\t\t\t<\/div>\n\t\t\t\t<\/div>\n\t\t\t\t<div class=\"elementor-element elementor-element-939fd3c elementor-widget elementor-widget-heading\" data-id=\"939fd3c\" data-element_type=\"widget\" data-settings=\"{&quot;ekit_we_effect_on&quot;:&quot;none&quot;}\" data-widget_type=\"heading.default\">\n\t\t\t\t<div class=\"elementor-widget-container\">\n\t\t\t\t\t<h2 class=\"elementor-heading-title elementor-size-default\">Inscri\u00e7\u00e3o Santana Sabores 2025<\/h2>\t\t\t\t<\/div>\n\t\t\t\t<\/div>\n\t\t\t\t<div class=\"elementor-element elementor-element-0b41cc8 elementor-widget elementor-widget-text-editor\" data-id=\"0b41cc8\" data-element_type=\"widget\" data-settings=\"{&quot;ekit_we_effect_on&quot;:&quot;none&quot;}\" data-widget_type=\"text-editor.default\">\n\t\t\t\t<div class=\"elementor-widget-container\">\n\t\t\t\t\t\t\t\t\t<p>SELE\u00c7\u00c3O DE EMPRESAS DO SETOR DE ALIMENTA\u00c7\u00c3O FORA DO LAR DO MUNIC\u00cdPIO DE SANTANA\/AP, PARA PARTICIPA\u00c7\u00c3O NO V FESTIVAL GASTRON\u00d4MICO <strong>\u201cSABORES DE SANTANA\u201d<\/strong> COM O TEMA: <strong>\u201cCOZINHA RIBEIRINHA: SABORES E SABERES SANTANENSES\u201d<\/strong>.<\/p>\t\t\t\t\t\t\t\t<\/div>\n\t\t\t\t<\/div>\n\t\t\t\t<div class=\"elementor-element elementor-element-12a6764 elementor-widget elementor-widget-text-editor\" data-id=\"12a6764\" data-element_type=\"widget\" data-settings=\"{&quot;ekit_we_effect_on&quot;:&quot;none&quot;}\" data-widget_type=\"text-editor.default\">\n\t\t\t\t<div class=\"elementor-widget-container\">\n\t\t\t\t\t\t\t\t\t<p style=\"text-align: center;\">EDITAL N\u00ba 001\/2025 \u2013 INSTITUTO INORTE | SELE\u00c7\u00c3O DE EMPRESAS DO SETOR DE ALIMENTA\u00c7\u00c3O FORA DO LAR DO MUNIC\u00cdPIO DE SANTANA\/AP, PARA PARTICIPA\u00c7\u00c3O NO V FESTIVAL GASTRON\u00d4MICO \u201cSABORES DE SANTANA\u201d<br \/>COM O TEMA: \u201cCOZINHA RIBEIRINHA: SABORES E SABERES SANTANENSES\u201d, PARA O PROJETO<br \/>\u201cCIRCUITO CULTURAL 2025\u201d.<\/p>\t\t\t\t\t\t\t\t<\/div>\n\t\t\t\t<\/div>\n\t\t\t\t<div class=\"elementor-element elementor-element-c8acf48 elementor-align-center elementor-widget elementor-widget-button\" data-id=\"c8acf48\" data-element_type=\"widget\" data-settings=\"{&quot;ekit_we_effect_on&quot;:&quot;none&quot;}\" data-widget_type=\"button.default\">\n\t\t\t\t<div class=\"elementor-widget-container\">\n\t\t\t\t\t\t\t\t\t<div class=\"elementor-button-wrapper\">\n\t\t\t\t\t<a class=\"elementor-button elementor-button-link elementor-size-sm\" href=\"https:\/\/institutoinorte.com\/site\/wp-content\/uploads\/2025\/09\/Edital-Santana-Sabores.pdf\">\n\t\t\t\t\t\t<span class=\"elementor-button-content-wrapper\">\n\t\t\t\t\t\t\t\t\t<span class=\"elementor-button-text\">Baixe o Edital completo aqui!<\/span>\n\t\t\t\t\t<\/span>\n\t\t\t\t\t<\/a>\n\t\t\t\t<\/div>\n\t\t\t\t\t\t\t\t<\/div>\n\t\t\t\t<\/div>\n\t\t\t\t<div class=\"elementor-element elementor-element-90d7c63 elementor-hidden-desktop elementor-hidden-tablet elementor-hidden-mobile elementor-widget elementor-widget-shortcode\" data-id=\"90d7c63\" data-element_type=\"widget\" data-settings=\"{&quot;ekit_we_effect_on&quot;:&quot;none&quot;}\" data-widget_type=\"shortcode.default\">\n\t\t\t\t<div class=\"elementor-widget-container\">\n\t\t\t\t\t\t\t<div class=\"elementor-shortcode\"><div class=\"everest-forms\"><script type='text\/javascript'>\n\/* <![CDATA[ *\/\nvar evf_settings = {\"currency_code\":\"USD\",\"currency_thousands\":\",\",\"currency_decimal\":\".\",\"currency_symbol\":\"$\",\"currency_symbol_pos\":\"left\"}\n\/* ]]> *\/\n<\/script>\n<div class=\"evf-container layout-two\" id=\"evf-5130\"><form id=\"evf-form-5130\" class=\"everest-form\" data-formid=\"5130\" data-ajax_submission=\"0\" data-keyboard_friendly_form=\"0\" data-form_state_type=\"\" method=\"post\" enctype=\"multipart\/form-data\" action=\"\/site\/wp-json\/wp\/v2\/pages\/5131\"><div class=\"evf-field-container\"><input type=\"hidden\" id=\"_wpnonce5130\" name=\"_wpnonce5130\" value=\"e7e963f59b\" \/><input type=\"hidden\" name=\"_wp_http_referer\" value=\"\/site\/wp-json\/wp\/v2\/pages\/5131\" \/><div class=\"evf-frontend-row\" data-row=\"row_2\" conditional_rules=\"[]\"><div class=\"evf-frontend-grid evf-grid-1\" data-grid=\"grid_1\"><div id=\"evf-5130-field_r2Cwotepri-19-container\" class=\"evf-field evf-field-text form-row validate-required\" data-required-field-message=\"Este campo \u00e9 obrigat\u00f3rio.\" data-field-id=\"r2Cwotepri-19\"><label class=\"evf-field-label\" for=\"evf-5130-field_r2Cwotepri-19\"><span class=\"evf-label\">Nome do Empreendimento<\/span> <abbr class=\"required\" title=\"Required\">*<\/abbr><\/label><input type=\"text\" id=\"evf-5130-field_r2Cwotepri-19\" class=\"input-text\" name=\"everest_forms[form_fields][r2Cwotepri-19]\" conditional_id=\"r2Cwotepri-19\" required><\/div><div id=\"evf-5130-field_tMdmIk7iP4-9-container\" class=\"evf-field evf-field-number form-row validate-required\" data-required-field-message=\"Por favor, insira um n\u00famero v\u00e1lido.\" data-field-id=\"tMdmIk7iP4-9\"><label class=\"evf-field-label\" for=\"evf-5130-field_tMdmIk7iP4-9\"><span class=\"evf-label\">CNPJ<\/span> <abbr class=\"required\" title=\"Required\">*<\/abbr><\/label><input type=\"number\" id=\"evf-5130-field_tMdmIk7iP4-9\" class=\"input-text\" name=\"everest_forms[form_fields][tMdmIk7iP4-9]\" conditional_id=\"tMdmIk7iP4-9\" required\/><\/div><div id=\"evf-5130-field_qJuIrxb9KB-10-container\" class=\"evf-field evf-field-phone form-row validate-required validate-phone\" data-required-field-message=\"Por favor, insira um n\u00famero de telefone v\u00e1lido.\" data-field-id=\"qJuIrxb9KB-10\"><label class=\"evf-field-label\" for=\"evf-5130-field_qJuIrxb9KB-10\"><span class=\"evf-label\">Telefone<\/span> <abbr class=\"required\" title=\"Required\">*<\/abbr><\/label><input type=\"tel\" id=\"evf-5130-field_qJuIrxb9KB-10\" class=\"input-text evf-masked-input\" data-rule-phone-field=\"true\" data-inputmask-mask=\"(99) 99999-9999\" name=\"everest_forms[form_fields][qJuIrxb9KB-10]\" conditional_id=\"qJuIrxb9KB-10\" required><\/div><div id=\"evf-5130-field_DAX5C01XGg-11-container\" class=\"evf-field evf-field-select form-row validate-required\" data-required-field-message=\"Este campo \u00e9 obrigat\u00f3rio.\" data-field-id=\"DAX5C01XGg-11\"><label class=\"evf-field-label\" for=\"evf-5130-field_DAX5C01XGg-11\"><span class=\"evf-label\">Em qual categoria o empreendimento se encaixa:<\/span> <abbr class=\"required\" title=\"Required\">*<\/abbr><\/label><select id=\"evf-5130-field_DAX5C01XGg-11\" class=\"input-text evf-field-required\" name=\"everest_forms[form_fields][DAX5C01XGg-11]\" required=\"required\" conditional_id=\"DAX5C01XGg-11\" ><option value=\"a) Culin\u00e1ria regional, a base de pescados, frutos dos rios e da floresta\" >a) Culin\u00e1ria regional, a base de pescados, frutos dos rios e da floresta<\/option><option value=\"b) Culin\u00e1ria contempor\u00e2nea, sofisticada, com fus\u00e3o de ingredientes nacionais e internacionais\" >b) Culin\u00e1ria contempor\u00e2nea, sofisticada, com fus\u00e3o de ingredientes nacionais e internacionais<\/option><option value=\"c) Culin\u00e1ria internacional, podendo ser oriental, portuguesa, italiana, tailandesa etc.\" >c) Culin\u00e1ria internacional, podendo ser oriental, portuguesa, italiana, tailandesa etc.<\/option><option value=\"d) Drinks e Coquet\u00e9is, a base de receitas autorais, cl\u00e1ssica e regionais\" >d) Drinks e Coquet\u00e9is, a base de receitas autorais, cl\u00e1ssica e regionais<\/option><option value=\"e) Hamburguerias\" >e) Hamburguerias<\/option><option value=\"f) Doceria em geral, ou sorveteria\" >f) Doceria em geral, ou sorveteria<\/option><option value=\"g) Pizzaria\" >g) Pizzaria<\/option><option value=\"h) Culin\u00e1ria brasileira, churrasco, t\u00edpicas do Norte, nordestina, regional, etc\" >h) Culin\u00e1ria brasileira, churrasco, t\u00edpicas do Norte, nordestina, regional, etc<\/option><option value=\"i) Estilo cafeteria, lanches, como sandu\u00edches frios, empadas, coxinhas, past\u00e9is, sucos etc\" >i) Estilo cafeteria, lanches, como sandu\u00edches frios, empadas, coxinhas, past\u00e9is, sucos etc<\/option><\/select><\/div><div id=\"evf-5130-field_UAR045HtBZ-20-container\" class=\"evf-field evf-field-text form-row validate-required\" data-required-field-message=\"Este campo \u00e9 obrigat\u00f3rio.\" data-field-id=\"UAR045HtBZ-20\"><label class=\"evf-field-label\" for=\"evf-5130-field_UAR045HtBZ-20\"><span class=\"evf-label\">Nome do prato:<\/span> <abbr class=\"required\" title=\"Required\">*<\/abbr><\/label><input type=\"text\" id=\"evf-5130-field_UAR045HtBZ-20\" class=\"input-text\" name=\"everest_forms[form_fields][UAR045HtBZ-20]\" conditional_id=\"UAR045HtBZ-20\" required><\/div><\/div><\/div><div class=\"evf-frontend-row\" data-row=\"row_5\" conditional_rules=\"[]\"><div class=\"evf-frontend-grid evf-grid-1\" data-grid=\"grid_1\"><div id=\"evf-5130-field_y8xJO3XVq5-17-container\" class=\"evf-field evf-field-textarea form-row validate-required\" data-required-field-message=\"Este campo \u00e9 obrigat\u00f3rio.\" data-field-id=\"y8xJO3XVq5-17\"><label class=\"evf-field-label\" for=\"evf-5130-field_y8xJO3XVq5-17\"><span class=\"evf-label\">Breve descri\u00e7\u00e3o do prato:<\/span> <abbr class=\"required\" title=\"Required\">*<\/abbr><\/label><textarea id=\"evf-5130-field_y8xJO3XVq5-17\" class=\"input-text\" name=\"everest_forms[form_fields][y8xJO3XVq5-17]\" conditional_id=\"y8xJO3XVq5-17\" required ><\/textarea><\/div><div id=\"evf-5130-field_WsrLbo3tRS-18-container\" class=\"evf-field evf-field-file-upload form-row validate-required\" data-required-field-message=\"Este campo \u00e9 obrigat\u00f3rio.\" data-field-id=\"WsrLbo3tRS-18\"><label class=\"evf-field-label\" for=\"evf-5130-field_WsrLbo3tRS-18\"><span class=\"evf-label\">M\u00eddia digital, formato PNG, JPG ou PDF com LOGO da empresa:<\/span> <abbr class=\"required\" title=\"Required\">*<\/abbr><\/label>\t\t<div class=\"everest-forms-uploader\"\n\t\t\tdata-field-id=\"WsrLbo3tRS-18\"\n\t\t\tdata-form-id=\"5130\"\n\t\t\tdata-input-name=\"everest_forms_5130_WsrLbo3tRS-18\"\n\t\t\tdata-extensions=\"jpeg,png,pdf,jpg\"\n\t\t\tdata-max-size=\"5242880\"\n\t\t\tdata-max-file-number=\"3\"\n\t\t\tdata-post-max-size=\"2147483648\"\n\t\t\tdata-current-file-count=\"0\"\n\t\t\t>\n\t\t\t<div class=\"dz-message\">\n\t\t\t\t<svg xmlns=\"http:\/\/www.w3.org\/2000\/svg\" viewBox=\"0 0 32 32\" width=\"32px\" height=\"32px\" fill=\"#868e96\"><path class=\"cls-1\" d=\"M18.12,17.52,17,16.4V25a1,1,0,0,1-2,0V16.4l-1.12,1.12a1,1,0,0,1-1.42,0,1,1,0,0,1,0-1.41l2.83-2.83a1,1,0,0,1,1.42,0l2.83,2.83a1,1,0,0,1-.71,1.7A1,1,0,0,1,18.12,17.52ZM22,22H20a1,1,0,0,1,0-2h2a4,4,0,0,0,.27-8,1,1,0,0,1-.84-.57,6,6,0,0,0-11.36,1.69,1,1,0,0,1-1,.86H9A3,3,0,0,0,9,20h3a1,1,0,0,1,0,2H9a5,5,0,0,1-.75-9.94A8,8,0,0,1,23,10.1,6,6,0,0,1,22,22Z\"\/><\/svg>\n\t\t\t\t<span class=\"everest-forms-upload-title\">\n\t\t\t\t\tSolte seu arquivo aqui ou clique aqui para fazer upload\t\t\t\t<\/span>\n\n\t\t\t\t\t\t\t\t\t<span class=\"everest-forms-upload-hint\">\n\t\t\t\t\t\tVoc\u00ea pode carregar at\u00e9 3 arquivo.\t\t\t\t\t<\/span>\n\t\t\t\t\t\t\t<\/div>\n\t\t\t\t\t<\/div>\n\t\t<input type=\"text\" class=\"dropzone-input input-text\" id=\"everest-forms-5130-field_WsrLbo3tRS-18\" name=\"everest_forms_5130_WsrLbo3tRS-18\" required conditional_id=\"WsrLbo3tRS-18\" conditional_rules=''>\n\t\t<div class=\"evf-field-description\">Tamanho at\u00e9 5 mb<\/div><\/div><\/div><\/div><\/div><div class=\"evf-honeypot-container evf-field-hp\"><label for=\"evf-5130-field-hp\" class=\"evf-field-label\">Name<\/label><input type=\"text\" name=\"everest_forms[hp]\" id=\"evf-5130-field-hp\" class=\"input-text\"><\/div><div class=\"evf-submit-container \" ><input type=\"hidden\" name=\"everest_forms[id]\" value=\"5130\"><input type=\"hidden\" name=\"everest_forms[author]\" value=\"2\"><button type='submit' name='everest_forms[submit]' class='everest-forms-submit-button button evf-submit ' id='evf-submit-5130' value='evf-submit' data-process-text=\"Enviando Inscri\u00e7\u00e3o, aguarde\u2026\" conditional_rules='&quot;&quot;' conditional_id='evf-submit-5130'  id=\"evf-submit-5130\" aria-live=\"assertive\">Enviar Inscri\u00e7\u00e3o<\/button><\/div><\/form><\/div><!-- .evf-container --><\/div><\/div>\n\t\t\t\t\t\t<\/div>\n\t\t\t\t<\/div>\n\t\t\t\t<div class=\"elementor-element elementor-element-198f5ec elementor-widget elementor-widget-heading\" data-id=\"198f5ec\" data-element_type=\"widget\" data-settings=\"{&quot;ekit_we_effect_on&quot;:&quot;none&quot;}\" data-widget_type=\"heading.default\">\n\t\t\t\t<div class=\"elementor-widget-container\">\n\t\t\t\t\t<h2 class=\"elementor-heading-title elementor-size-default\">Resultado Santana Sabores 2025<\/h2>\t\t\t\t<\/div>\n\t\t\t\t<\/div>\n\t\t\t\t<div class=\"elementor-element elementor-element-7fe3029 elementor-widget elementor-widget-text-editor\" data-id=\"7fe3029\" data-element_type=\"widget\" data-settings=\"{&quot;ekit_we_effect_on&quot;:&quot;none&quot;}\" data-widget_type=\"text-editor.default\">\n\t\t\t\t<div class=\"elementor-widget-container\">\n\t\t\t\t\t\t\t\t\t<p>1. Titos Restaurante e Buffet &#8211; Filhote Santanense<br \/>2. Barontinne &#8211; Matapi <br \/>3. Suely Buffet e Eventos &#8211; Espeto Ribeirinho<br \/>4. Najah Empadas Gourmet &#8211; Empada Santana Passion<br \/>5. D\u2019otonne gastronomia &#8211; Um ode a Amaz\u00f4nia<br \/>6. Casa dos Caldos &#8211; Preamar <br \/>7. Law\u00ea Doces Artesanais &#8211; Ku\u00eet\u00e9 Regional<br \/>8. Saborparaense &#8211; Peixe Sabor Santanense<br \/>9. Rei do Pastel &#8211; Pastel do Porto <br \/>10. Sicak Restaurante &#8211; Peixe grelhado ao molho de cream cheese com camar\u00f5es <br \/>11. Amazon Beach &#8211; Ilha de Santana <br \/>12. B2 &#8211; Pizza Para\u00edso <br \/>13. Alem\u00e3o Burger &#8211; Sonho Tucuju <br \/>14. Bar do Urso &#8211; Drink Igarap\u00e9 <br \/>15. Bartender Thiago Braga &#8211; O Curandeiro<\/p>\t\t\t\t\t\t\t\t<\/div>\n\t\t\t\t<\/div>\n\t\t\t\t<\/div>\n\t\t\t\t<\/div>\n\t\t","protected":false},"excerpt":{"rendered":"<p>Inscri\u00e7\u00e3o Santana Sabores 2025 SELE\u00c7\u00c3O DE EMPRESAS DO SETOR DE ALIMENTA\u00c7\u00c3O FORA DO LAR DO MUNIC\u00cdPIO DE SANTANA\/AP, PARA PARTICIPA\u00c7\u00c3O NO V FESTIVAL GASTRON\u00d4MICO \u201cSABORES DE SANTANA\u201d COM O TEMA: \u201cCOZINHA RIBEIRINHA: SABORES E SABERES SANTANENSES\u201d. EDITAL N\u00ba 001\/2025 \u2013 INSTITUTO INORTE | SELE\u00c7\u00c3O DE EMPRESAS DO SETOR DE ALIMENTA\u00c7\u00c3O FORA DO LAR DO MUNIC\u00cdPIO [&hellip;]<\/p>\n","protected":false},"author":2,"featured_media":0,"parent":0,"menu_order":0,"comment_status":"closed","ping_status":"closed","template":"elementor_canvas","meta":{"footnotes":""},"class_list":["post-5131","page","type-page","status-publish","hentry"],"_links":{"self":[{"href":"https:\/\/institutoinorte.com\/site\/wp-json\/wp\/v2\/pages\/5131","targetHints":{"allow":["GET"]}}],"collection":[{"href":"https:\/\/institutoinorte.com\/site\/wp-json\/wp\/v2\/pages"}],"about":[{"href":"https:\/\/institutoinorte.com\/site\/wp-json\/wp\/v2\/types\/page"}],"author":[{"embeddable":true,"href":"https:\/\/institutoinorte.com\/site\/wp-json\/wp\/v2\/users\/2"}],"replies":[{"embeddable":true,"href":"https:\/\/institutoinorte.com\/site\/wp-json\/wp\/v2\/comments?post=5131"}],"version-history":[{"count":45,"href":"https:\/\/institutoinorte.com\/site\/wp-json\/wp\/v2\/pages\/5131\/revisions"}],"predecessor-version":[{"id":5245,"href":"https:\/\/institutoinorte.com\/site\/wp-json\/wp\/v2\/pages\/5131\/revisions\/5245"}],"wp:attachment":[{"href":"https:\/\/institutoinorte.com\/site\/wp-json\/wp\/v2\/media?parent=5131"}],"curies":[{"name":"wp","href":"https:\/\/api.w.org\/{rel}","templated":true}]}}